{"id":9440,"date":"2022-08-02T08:12:11","date_gmt":"2022-08-02T08:12:11","guid":{"rendered":"https:\/\/bsg-advisory.hr\/kontakt\/"},"modified":"2025-03-19T07:54:21","modified_gmt":"2025-03-19T07:54:21","slug":"contact","status":"publish","type":"page","link":"https:\/\/bsg-advisory.hr\/en\/contact\/","title":{"rendered":"Contact"},"content":{"rendered":"\t\t<div data-elementor-type=\"wp-page\" data-elementor-id=\"9440\" class=\"elementor elementor-9440 elementor-7001\" data-elementor-post-type=\"page\">\n\t\t\t\t\t\t<section class=\"elementor-section elementor-top-section elementor-element elementor-element-1aebe877 elementor-section-height-min-height elementor-section-boxed elementor-section-height-default elementor-section-items-middle\" data-id=\"1aebe877\" data-element_type=\"section\" data-e-type=\"section\" data-settings=\"{&quot;background_background&quot;:&quot;classic&quot;}\">\n\t\t\t\t\t\t\t<div class=\"elementor-background-overlay\"><\/div>\n\t\t\t\t\t\t\t<div class=\"elementor-container elementor-column-gap-default\">\n\t\t\t\t\t<div class=\"elementor-column elementor-col-100 elementor-top-column elementor-element elementor-element-2b886246\" data-id=\"2b886246\" data-element_type=\"column\" data-e-type=\"column\">\n\t\t\t<div class=\"elementor-widget-wrap elementor-element-populated\">\n\t\t\t\t\t\t<div class=\"elementor-element elementor-element-22f53d86 hero-heading elementor-widget elementor-widget-heading\" data-id=\"22f53d86\" data-element_type=\"widget\" data-e-type=\"widget\" data-widget_type=\"heading.default\">\n\t\t\t\t\t<h1 class=\"elementor-heading-title elementor-size-default\">Contact<\/h1>\t\t\t\t<\/div>\n\t\t\t\t\t<\/div>\n\t\t<\/div>\n\t\t\t\t\t<\/div>\n\t\t<\/section>\n\t\t\t\t<section class=\"elementor-section elementor-top-section elementor-element elementor-element-7067affa elementor-section-boxed elementor-section-height-default elementor-section-height-default\" data-id=\"7067affa\" data-element_type=\"section\" data-e-type=\"section\" data-settings=\"{&quot;background_background&quot;:&quot;classic&quot;}\">\n\t\t\t\t\t\t<div class=\"elementor-container elementor-column-gap-default\">\n\t\t\t\t\t<div class=\"elementor-column elementor-col-100 elementor-top-column elementor-element elementor-element-2648065c\" data-id=\"2648065c\" data-element_type=\"column\" data-e-type=\"column\" data-settings=\"{&quot;background_background&quot;:&quot;classic&quot;}\">\n\t\t\t<div class=\"elementor-widget-wrap elementor-element-populated\">\n\t\t\t\t\t\t<div class=\"elementor-element elementor-element-212ff99c elementor-widget elementor-widget-text-editor\" data-id=\"212ff99c\" data-element_type=\"widget\" data-e-type=\"widget\" data-widget_type=\"text-editor.default\">\n\t\t\t\t\t\t\t\t\t<div dir=\"auto\">For questions or collaboration inquiries please fill in the contact form (below). We will reply as soon as possible.<\/div>\n\t\t\t\t\t\t\t\t<\/div>\n\t\t\t\t<div class=\"elementor-element elementor-element-2bd427f0 elementor-widget elementor-widget-stm_contacts_widget\" data-id=\"2bd427f0\" data-element_type=\"widget\" data-e-type=\"widget\" data-widget_type=\"stm_contacts_widget.default\">\n\t\t\t\t<div class=\"elementor-widget-container\">\n\t\t\t\t\t\n<div class=\"stm_contacts_widget consulting_elementor_contacts_widget style_4 \">\n    \n            <h4 class=\"no_stripe\">Contact Information<\/h4>\n    \n    \n        <ul>\n                            <li>\n                    <div class=\"icon\"><i class=\"fa fa-map-marker\"><\/i><\/div>\n                    <div class=\"text\">Hrvojeva 12, 21000 Split, Croatia<\/div>\n                <\/li>\n                                        <li>\n                    <div class=\"icon\"><i class=\"fa fa-phone\"><\/i><\/div>\n                    <div class=\"text\">\n                        +385 (0)21270605                                            <\/div>\n                <\/li>\n                                                    <li>\n                    <div class=\"icon\"><i class=\"fa fa-envelope\"><\/i><\/div>\n                    <div class=\"text\"><a href=\"mailto:inf&#111;&#64;bs&#103;-a&#100;vi&#115;o&#114;y&#46;&#104;&#114;\">in&#102;&#111;&#64;&#98;s&#103;&#45;&#97;d&#118;i&#115;o&#114;&#121;&#46;&#104;&#114;<\/a><\/div>\n                <\/li>\n                                <\/ul>\n        \n    \n<\/div>\t\t\t\t<\/div>\n\t\t\t\t<\/div>\n\t\t\t\t\t<\/div>\n\t\t<\/div>\n\t\t\t\t<div class=\"elementor-column elementor-col-100 elementor-top-column elementor-element elementor-element-304c4716\" data-id=\"304c4716\" data-element_type=\"column\" data-e-type=\"column\" data-settings=\"{&quot;background_background&quot;:&quot;classic&quot;}\">\n\t\t\t<div class=\"elementor-widget-wrap elementor-element-populated\">\n\t\t\t\t\t\t<div class=\"elementor-element elementor-element-0bff8c9 elementor-button-align-start elementor-widget elementor-widget-form\" data-id=\"0bff8c9\" data-element_type=\"widget\" data-e-type=\"widget\" data-settings=\"{&quot;step_next_label&quot;:&quot;Next&quot;,&quot;step_previous_label&quot;:&quot;Previous&quot;,&quot;button_width&quot;:&quot;100&quot;,&quot;step_type&quot;:&quot;number_text&quot;,&quot;step_icon_shape&quot;:&quot;circle&quot;}\" data-widget_type=\"form.default\">\n\t\t\t\t\t\t\t<form class=\"elementor-form\" method=\"post\" name=\"BSG forma\" aria-label=\"BSG forma\">\n\t\t\t<input type=\"hidden\" name=\"post_id\" value=\"9440\"\/>\n\t\t\t<input type=\"hidden\" name=\"form_id\" value=\"0bff8c9\"\/>\n\t\t\t<input type=\"hidden\" name=\"referer_title\" value=\"Get in touch with BSG Advisory\" \/>\n\n\t\t\t\t\t\t\t<input type=\"hidden\" name=\"queried_id\" value=\"9440\"\/>\n\t\t\t\n\t\t\t<div class=\"elementor-form-fields-wrapper elementor-labels-\">\n\t\t\t\t\t\t\t\t<div class=\"elementor-field-type-text elementor-field-group elementor-column elementor-field-group-name elementor-col-50 elementor-field-required\">\n\t\t\t\t\t\t\t\t\t\t\t\t<label for=\"form-field-name\" class=\"elementor-field-label elementor-screen-only\">\n\t\t\t\t\t\t\t\tName\t\t\t\t\t\t\t<\/label>\n\t\t\t\t\t\t\t\t\t\t\t\t\t\t<input size=\"1\" type=\"text\" name=\"form_fields[name]\" id=\"form-field-name\" class=\"elementor-field elementor-size-sm  elementor-field-textual\" placeholder=\"Name *\" required=\"required\">\n\t\t\t\t\t\t\t\t\t\t\t<\/div>\n\t\t\t\t\t\t\t\t<div class=\"elementor-field-type-text elementor-field-group elementor-column elementor-field-group-surname elementor-col-50 elementor-field-required\">\n\t\t\t\t\t\t\t\t\t\t\t\t<label for=\"form-field-surname\" class=\"elementor-field-label elementor-screen-only\">\n\t\t\t\t\t\t\t\tSurname\t\t\t\t\t\t\t<\/label>\n\t\t\t\t\t\t\t\t\t\t\t\t\t\t<input size=\"1\" type=\"text\" name=\"form_fields[surname]\" id=\"form-field-surname\" class=\"elementor-field elementor-size-sm  elementor-field-textual\" placeholder=\"Surname *\" required=\"required\">\n\t\t\t\t\t\t\t\t\t\t\t<\/div>\n\t\t\t\t\t\t\t\t<div class=\"elementor-field-type-text elementor-field-group elementor-column elementor-field-group-naziv_tvrtke elementor-col-50 elementor-field-required\">\n\t\t\t\t\t\t\t\t\t\t\t\t<label for=\"form-field-naziv_tvrtke\" class=\"elementor-field-label elementor-screen-only\">\n\t\t\t\t\t\t\t\tCompany Name\t\t\t\t\t\t\t<\/label>\n\t\t\t\t\t\t\t\t\t\t\t\t\t\t<input size=\"1\" type=\"text\" name=\"form_fields[naziv_tvrtke]\" id=\"form-field-naziv_tvrtke\" class=\"elementor-field elementor-size-sm  elementor-field-textual\" placeholder=\"Company Name *\" required=\"required\">\n\t\t\t\t\t\t\t\t\t\t\t<\/div>\n\t\t\t\t\t\t\t\t<div class=\"elementor-field-type-email elementor-field-group elementor-column elementor-field-group-email elementor-col-50 elementor-field-required\">\n\t\t\t\t\t\t\t\t\t\t\t\t<label for=\"form-field-email\" class=\"elementor-field-label elementor-screen-only\">\n\t\t\t\t\t\t\t\tE-mail\t\t\t\t\t\t\t<\/label>\n\t\t\t\t\t\t\t\t\t\t\t\t\t\t<input size=\"1\" type=\"email\" name=\"form_fields[email]\" id=\"form-field-email\" class=\"elementor-field elementor-size-sm  elementor-field-textual\" placeholder=\"E-mail *\" required=\"required\">\n\t\t\t\t\t\t\t\t\t\t\t<\/div>\n\t\t\t\t\t\t\t\t<div class=\"elementor-field-type-text elementor-field-group elementor-column elementor-field-group-predmeti elementor-col-100 elementor-field-required\">\n\t\t\t\t\t\t\t\t\t\t\t\t<label for=\"form-field-predmeti\" class=\"elementor-field-label elementor-screen-only\">\n\t\t\t\t\t\t\t\tSubject\t\t\t\t\t\t\t<\/label>\n\t\t\t\t\t\t\t\t\t\t\t\t\t\t<input size=\"1\" type=\"text\" name=\"form_fields[predmeti]\" id=\"form-field-predmeti\" class=\"elementor-field elementor-size-sm  elementor-field-textual\" placeholder=\"Subject *\" required=\"required\">\n\t\t\t\t\t\t\t\t\t\t\t<\/div>\n\t\t\t\t\t\t\t\t<div class=\"elementor-field-type-textarea elementor-field-group elementor-column elementor-field-group-message elementor-col-100 elementor-field-required\">\n\t\t\t\t\t\t\t\t\t\t\t\t<label for=\"form-field-message\" class=\"elementor-field-label elementor-screen-only\">\n\t\t\t\t\t\t\t\tMessage\t\t\t\t\t\t\t<\/label>\n\t\t\t\t\t\t<textarea class=\"elementor-field-textual elementor-field  elementor-size-sm\" name=\"form_fields[message]\" id=\"form-field-message\" rows=\"4\" placeholder=\"Message *\" required=\"required\"><\/textarea>\t\t\t\t<\/div>\n\t\t\t\t\t\t\t\t<div class=\"elementor-field-type-recaptcha_v3 elementor-field-group elementor-column elementor-field-group-field_5a7325a elementor-col-100 recaptcha_v3-bottomright\">\n\t\t\t\t\t<div class=\"elementor-field\" id=\"form-field-field_5a7325a\"><div class=\"elementor-g-recaptcha\" data-sitekey=\"6LfWWd0qAAAAAL6qiovKVNQ6NpJUwYUpWg2FV7qm\" data-type=\"v3\" data-action=\"Form\" data-badge=\"bottomright\" data-size=\"invisible\"><\/div><\/div>\t\t\t\t<\/div>\n\t\t\t\t\t\t\t\t<div class=\"elementor-field-group elementor-column elementor-field-type-submit elementor-col-100 e-form__buttons\">\n\t\t\t\t\t<button class=\"elementor-button elementor-size-md\" type=\"submit\">\n\t\t\t\t\t\t<span class=\"elementor-button-content-wrapper\">\n\t\t\t\t\t\t\t\t\t\t\t\t\t\t\t\t\t\t\t\t\t\t<span class=\"elementor-button-text\">SEND<\/span>\n\t\t\t\t\t\t\t\t\t\t\t\t\t<\/span>\n\t\t\t\t\t<\/button>\n\t\t\t\t<\/div>\n\t\t\t<\/div>\n\t\t<\/form>\n\t\t\t\t\t\t<\/div>\n\t\t\t\t\t<\/div>\n\t\t<\/div>\n\t\t\t\t\t<\/div>\n\t\t<\/section>\n\t\t\t\t<\/div>\n\t\t","protected":false},"excerpt":{"rendered":"<p>Contact For questions or collaboration inquiries please fill in the contact form (below). We will reply as soon as possible. Contact Information Hrvojeva 12, 21000 Split, Croatia +385 (0)21270605 info@bsg-advisory.hr<\/p>\n","protected":false},"author":1,"featured_media":0,"parent":0,"menu_order":0,"comment_status":"closed","ping_status":"closed","template":"","meta":{"footnotes":""},"class_list":["post-9440","page","type-page","status-publish","hentry"],"yoast_head":"<!-- This site is optimized with the Yoast SEO plugin v27.4 - https:\/\/yoast.com\/product\/yoast-seo-wordpress\/ -->\n<title>Get in touch with BSG Advisory<\/title>\n<meta name=\"description\" content=\"Get in touch with BSG Advisory for expert financial and business consulting. Contact us today for tailored solutions to drive your success.\" \/>\n<meta name=\"robots\" content=\"index, follow, max-snippet:-1, max-image-preview:large, max-video-preview:-1\" \/>\n<link rel=\"canonical\" href=\"https:\/\/bsg-advisory.hr\/en\/contact\/\" \/>\n<meta property=\"og:locale\" content=\"en_US\" \/>\n<meta property=\"og:type\" content=\"article\" \/>\n<meta property=\"og:title\" content=\"Get in touch with BSG Advisory\" \/>\n<meta property=\"og:description\" content=\"Get in touch with BSG Advisory for expert financial and business consulting. Contact us today for tailored solutions to drive your success.\" \/>\n<meta property=\"og:url\" content=\"https:\/\/bsg-advisory.hr\/en\/contact\/\" \/>\n<meta property=\"og:site_name\" content=\"Poslovno i financijsko savjetovanje BSG Advisory\" \/>\n<meta property=\"article:modified_time\" content=\"2025-03-19T07:54:21+00:00\" \/>\n<meta name=\"twitter:card\" content=\"summary_large_image\" \/>\n<meta name=\"twitter:label1\" content=\"Est. reading time\" \/>\n\t<meta name=\"twitter:data1\" content=\"1 minute\" \/>\n<script type=\"application\/ld+json\" class=\"yoast-schema-graph\">{\"@context\":\"https:\\\/\\\/schema.org\",\"@graph\":[{\"@type\":\"WebPage\",\"@id\":\"https:\\\/\\\/bsg-advisory.hr\\\/en\\\/contact\\\/\",\"url\":\"https:\\\/\\\/bsg-advisory.hr\\\/en\\\/contact\\\/\",\"name\":\"Get in touch with BSG Advisory\",\"isPartOf\":{\"@id\":\"https:\\\/\\\/bsg-advisory.hr\\\/en\\\/#website\"},\"datePublished\":\"2022-08-02T08:12:11+00:00\",\"dateModified\":\"2025-03-19T07:54:21+00:00\",\"description\":\"Get in touch with BSG Advisory for expert financial and business consulting. Contact us today for tailored solutions to drive your success.\",\"breadcrumb\":{\"@id\":\"https:\\\/\\\/bsg-advisory.hr\\\/en\\\/contact\\\/#breadcrumb\"},\"inLanguage\":\"en-US\",\"potentialAction\":[{\"@type\":\"ReadAction\",\"target\":[\"https:\\\/\\\/bsg-advisory.hr\\\/en\\\/contact\\\/\"]}]},{\"@type\":\"BreadcrumbList\",\"@id\":\"https:\\\/\\\/bsg-advisory.hr\\\/en\\\/contact\\\/#breadcrumb\",\"itemListElement\":[{\"@type\":\"ListItem\",\"position\":1,\"name\":\"Home\",\"item\":\"https:\\\/\\\/bsg-advisory.hr\\\/en\\\/\"},{\"@type\":\"ListItem\",\"position\":2,\"name\":\"Contact\"}]},{\"@type\":\"WebSite\",\"@id\":\"https:\\\/\\\/bsg-advisory.hr\\\/en\\\/#website\",\"url\":\"https:\\\/\\\/bsg-advisory.hr\\\/en\\\/\",\"name\":\"BSG Advisory\",\"description\":\"Na\u0161 tim eksperata za transakcijsko savjetovanje nudi prilago\u0111ena rje\u0161enja i savjete na frekvenciji va\u0161eg poslovnog uspjeha\",\"publisher\":{\"@id\":\"https:\\\/\\\/bsg-advisory.hr\\\/en\\\/#organization\"},\"potentialAction\":[{\"@type\":\"SearchAction\",\"target\":{\"@type\":\"EntryPoint\",\"urlTemplate\":\"https:\\\/\\\/bsg-advisory.hr\\\/en\\\/?s={search_term_string}\"},\"query-input\":{\"@type\":\"PropertyValueSpecification\",\"valueRequired\":true,\"valueName\":\"search_term_string\"}}],\"inLanguage\":\"en-US\"},{\"@type\":\"Organization\",\"@id\":\"https:\\\/\\\/bsg-advisory.hr\\\/en\\\/#organization\",\"name\":\"BSG Advisory\",\"url\":\"https:\\\/\\\/bsg-advisory.hr\\\/en\\\/\",\"logo\":{\"@type\":\"ImageObject\",\"inLanguage\":\"en-US\",\"@id\":\"https:\\\/\\\/bsg-advisory.hr\\\/en\\\/#\\\/schema\\\/logo\\\/image\\\/\",\"url\":\"https:\\\/\\\/bsg-advisory.hr\\\/wp-content\\\/uploads\\\/2021\\\/09\\\/logo1-png.png\",\"contentUrl\":\"https:\\\/\\\/bsg-advisory.hr\\\/wp-content\\\/uploads\\\/2021\\\/09\\\/logo1-png.png\",\"width\":700,\"height\":373,\"caption\":\"BSG Advisory\"},\"image\":{\"@id\":\"https:\\\/\\\/bsg-advisory.hr\\\/en\\\/#\\\/schema\\\/logo\\\/image\\\/\"},\"sameAs\":[\"https:\\\/\\\/hr.linkedin.com\\\/company\\\/bsg-advisory\"]}]}<\/script>\n<!-- \/ Yoast SEO plugin. -->","yoast_head_json":{"title":"Get in touch with BSG Advisory","description":"Get in touch with BSG Advisory for expert financial and business consulting. Contact us today for tailored solutions to drive your success.","robots":{"index":"index","follow":"follow","max-snippet":"max-snippet:-1","max-image-preview":"max-image-preview:large","max-video-preview":"max-video-preview:-1"},"canonical":"https:\/\/bsg-advisory.hr\/en\/contact\/","og_locale":"en_US","og_type":"article","og_title":"Get in touch with BSG Advisory","og_description":"Get in touch with BSG Advisory for expert financial and business consulting. Contact us today for tailored solutions to drive your success.","og_url":"https:\/\/bsg-advisory.hr\/en\/contact\/","og_site_name":"Poslovno i financijsko savjetovanje BSG Advisory","article_modified_time":"2025-03-19T07:54:21+00:00","twitter_card":"summary_large_image","twitter_misc":{"Est. reading time":"1 minute"},"schema":{"@context":"https:\/\/schema.org","@graph":[{"@type":"WebPage","@id":"https:\/\/bsg-advisory.hr\/en\/contact\/","url":"https:\/\/bsg-advisory.hr\/en\/contact\/","name":"Get in touch with BSG Advisory","isPartOf":{"@id":"https:\/\/bsg-advisory.hr\/en\/#website"},"datePublished":"2022-08-02T08:12:11+00:00","dateModified":"2025-03-19T07:54:21+00:00","description":"Get in touch with BSG Advisory for expert financial and business consulting. Contact us today for tailored solutions to drive your success.","breadcrumb":{"@id":"https:\/\/bsg-advisory.hr\/en\/contact\/#breadcrumb"},"inLanguage":"en-US","potentialAction":[{"@type":"ReadAction","target":["https:\/\/bsg-advisory.hr\/en\/contact\/"]}]},{"@type":"BreadcrumbList","@id":"https:\/\/bsg-advisory.hr\/en\/contact\/#breadcrumb","itemListElement":[{"@type":"ListItem","position":1,"name":"Home","item":"https:\/\/bsg-advisory.hr\/en\/"},{"@type":"ListItem","position":2,"name":"Contact"}]},{"@type":"WebSite","@id":"https:\/\/bsg-advisory.hr\/en\/#website","url":"https:\/\/bsg-advisory.hr\/en\/","name":"BSG Advisory","description":"Na\u0161 tim eksperata za transakcijsko savjetovanje nudi prilago\u0111ena rje\u0161enja i savjete na frekvenciji va\u0161eg poslovnog uspjeha","publisher":{"@id":"https:\/\/bsg-advisory.hr\/en\/#organization"},"potentialAction":[{"@type":"SearchAction","target":{"@type":"EntryPoint","urlTemplate":"https:\/\/bsg-advisory.hr\/en\/?s={search_term_string}"},"query-input":{"@type":"PropertyValueSpecification","valueRequired":true,"valueName":"search_term_string"}}],"inLanguage":"en-US"},{"@type":"Organization","@id":"https:\/\/bsg-advisory.hr\/en\/#organization","name":"BSG Advisory","url":"https:\/\/bsg-advisory.hr\/en\/","logo":{"@type":"ImageObject","inLanguage":"en-US","@id":"https:\/\/bsg-advisory.hr\/en\/#\/schema\/logo\/image\/","url":"https:\/\/bsg-advisory.hr\/wp-content\/uploads\/2021\/09\/logo1-png.png","contentUrl":"https:\/\/bsg-advisory.hr\/wp-content\/uploads\/2021\/09\/logo1-png.png","width":700,"height":373,"caption":"BSG Advisory"},"image":{"@id":"https:\/\/bsg-advisory.hr\/en\/#\/schema\/logo\/image\/"},"sameAs":["https:\/\/hr.linkedin.com\/company\/bsg-advisory"]}]}},"_links":{"self":[{"href":"https:\/\/bsg-advisory.hr\/en\/wp-json\/wp\/v2\/pages\/9440","targetHints":{"allow":["GET"]}}],"collection":[{"href":"https:\/\/bsg-advisory.hr\/en\/wp-json\/wp\/v2\/pages"}],"about":[{"href":"https:\/\/bsg-advisory.hr\/en\/wp-json\/wp\/v2\/types\/page"}],"author":[{"embeddable":true,"href":"https:\/\/bsg-advisory.hr\/en\/wp-json\/wp\/v2\/users\/1"}],"replies":[{"embeddable":true,"href":"https:\/\/bsg-advisory.hr\/en\/wp-json\/wp\/v2\/comments?post=9440"}],"version-history":[{"count":5,"href":"https:\/\/bsg-advisory.hr\/en\/wp-json\/wp\/v2\/pages\/9440\/revisions"}],"predecessor-version":[{"id":10159,"href":"https:\/\/bsg-advisory.hr\/en\/wp-json\/wp\/v2\/pages\/9440\/revisions\/10159"}],"wp:attachment":[{"href":"https:\/\/bsg-advisory.hr\/en\/wp-json\/wp\/v2\/media?parent=9440"}],"curies":[{"name":"wp","href":"https:\/\/api.w.org\/{rel}","templated":true}]}}